{"id":20,"date":"2025-02-05T10:40:22","date_gmt":"2025-02-05T09:40:22","guid":{"rendered":"http:\/\/lehmschnecke.de\/?page_id=20"},"modified":"2025-02-05T17:28:14","modified_gmt":"2025-02-05T16:28:14","slug":"vermietung","status":"publish","type":"page","link":"https:\/\/lehmschnecke.de\/index.php\/vermietung\/","title":{"rendered":"Vermietung"},"content":{"rendered":"\n<figure class=\"wp-block-gallery has-nested-images columns-7 is-cropped wp-block-gallery-1 is-layout-flex wp-block-gallery-is-layout-flex\">\n<figure class=\"wp-block-image size-large\"><a href=\"http:\/\/lehmschnecke.de\/wp-content\/uploads\/2025\/02\/t2lfl6q0jx96fai1gj97mtczrktsi4hvdqsp-scaled-1.jpg\"><img loading=\"lazy\" decoding=\"async\" width=\"1018\" height=\"1024\" data-id=\"98\" src=\"http:\/\/lehmschnecke.de\/wp-content\/uploads\/2025\/02\/t2lfl6q0jx96fai1gj97mtczrktsi4hvdqsp-scaled-1-1018x1024.jpg\" alt=\"Das Haus\" class=\"wp-image-98\" srcset=\"https:\/\/lehmschnecke.de\/wp-content\/uploads\/2025\/02\/t2lfl6q0jx96fai1gj97mtczrktsi4hvdqsp-scaled-1-1018x1024.jpg 1018w, https:\/\/lehmschnecke.de\/wp-content\/uploads\/2025\/02\/t2lfl6q0jx96fai1gj97mtczrktsi4hvdqsp-scaled-1-298x300.jpg 298w, https:\/\/lehmschnecke.de\/wp-content\/uploads\/2025\/02\/t2lfl6q0jx96fai1gj97mtczrktsi4hvdqsp-scaled-1-150x150.jpg 150w, https:\/\/lehmschnecke.de\/wp-content\/uploads\/2025\/02\/t2lfl6q0jx96fai1gj97mtczrktsi4hvdqsp-scaled-1-768x773.jpg 768w, https:\/\/lehmschnecke.de\/wp-content\/uploads\/2025\/02\/t2lfl6q0jx96fai1gj97mtczrktsi4hvdqsp-scaled-1-1527x1536.jpg 1527w, https:\/\/lehmschnecke.de\/wp-content\/uploads\/2025\/02\/t2lfl6q0jx96fai1gj97mtczrktsi4hvdqsp-scaled-1-2036x2048.jpg 2036w\" sizes=\"auto, (max-width: 1018px) 100vw, 1018px\" \/><\/a><\/figure>\n\n\n\n<figure class=\"wp-block-image size-large\"><a href=\"http:\/\/lehmschnecke.de\/wp-content\/uploads\/2025\/02\/mmdjl0s779mfchoxanc1zs349xpfvh6g9k5p-scaled.jpg\"><img loading=\"lazy\" decoding=\"async\" width=\"1024\" height=\"983\" data-id=\"85\" src=\"http:\/\/lehmschnecke.de\/wp-content\/uploads\/2025\/02\/mmdjl0s779mfchoxanc1zs349xpfvh6g9k5p-1024x983.jpg\" alt=\"Rauchhaus (Lagerfeuer und Grill)\" class=\"wp-image-85\" srcset=\"https:\/\/lehmschnecke.de\/wp-content\/uploads\/2025\/02\/mmdjl0s779mfchoxanc1zs349xpfvh6g9k5p-1024x983.jpg 1024w, https:\/\/lehmschnecke.de\/wp-content\/uploads\/2025\/02\/mmdjl0s779mfchoxanc1zs349xpfvh6g9k5p-300x288.jpg 300w, https:\/\/lehmschnecke.de\/wp-content\/uploads\/2025\/02\/mmdjl0s779mfchoxanc1zs349xpfvh6g9k5p-768x737.jpg 768w, https:\/\/lehmschnecke.de\/wp-content\/uploads\/2025\/02\/mmdjl0s779mfchoxanc1zs349xpfvh6g9k5p-1536x1475.jpg 1536w, https:\/\/lehmschnecke.de\/wp-content\/uploads\/2025\/02\/mmdjl0s779mfchoxanc1zs349xpfvh6g9k5p-2048x1966.jpg 2048w\" sizes=\"auto, (max-width: 1024px) 100vw, 1024px\" \/><\/a><\/figure>\n\n\n\n<figure class=\"wp-block-image size-large\"><a href=\"http:\/\/lehmschnecke.de\/wp-content\/uploads\/2025\/02\/ygd0cfnekxtyljxw1gvg9alni6il54ztb3sk-scaled.jpg\"><img loading=\"lazy\" decoding=\"async\" width=\"1024\" height=\"897\" data-id=\"24\" src=\"http:\/\/lehmschnecke.de\/wp-content\/uploads\/2025\/02\/ygd0cfnekxtyljxw1gvg9alni6il54ztb3sk-1024x897.jpg\" alt=\"K\u00fcche Souterrain\" class=\"wp-image-24\" srcset=\"https:\/\/lehmschnecke.de\/wp-content\/uploads\/2025\/02\/ygd0cfnekxtyljxw1gvg9alni6il54ztb3sk-1024x897.jpg 1024w, https:\/\/lehmschnecke.de\/wp-content\/uploads\/2025\/02\/ygd0cfnekxtyljxw1gvg9alni6il54ztb3sk-300x263.jpg 300w, https:\/\/lehmschnecke.de\/wp-content\/uploads\/2025\/02\/ygd0cfnekxtyljxw1gvg9alni6il54ztb3sk-768x673.jpg 768w, https:\/\/lehmschnecke.de\/wp-content\/uploads\/2025\/02\/ygd0cfnekxtyljxw1gvg9alni6il54ztb3sk-1536x1345.jpg 1536w, https:\/\/lehmschnecke.de\/wp-content\/uploads\/2025\/02\/ygd0cfnekxtyljxw1gvg9alni6il54ztb3sk-2048x1793.jpg 2048w\" sizes=\"auto, (max-width: 1024px) 100vw, 1024px\" \/><\/a><\/figure>\n\n\n\n<figure class=\"wp-block-image size-large\"><a href=\"http:\/\/lehmschnecke.de\/wp-content\/uploads\/2025\/02\/IMG_0412.jpeg\"><img loading=\"lazy\" decoding=\"async\" width=\"1024\" height=\"768\" data-id=\"102\" src=\"http:\/\/lehmschnecke.de\/wp-content\/uploads\/2025\/02\/IMG_0412-1024x768.jpeg\" alt=\"\" class=\"wp-image-102\" srcset=\"https:\/\/lehmschnecke.de\/wp-content\/uploads\/2025\/02\/IMG_0412-1024x768.jpeg 1024w, https:\/\/lehmschnecke.de\/wp-content\/uploads\/2025\/02\/IMG_0412-300x225.jpeg 300w, https:\/\/lehmschnecke.de\/wp-content\/uploads\/2025\/02\/IMG_0412-768x576.jpeg 768w, https:\/\/lehmschnecke.de\/wp-content\/uploads\/2025\/02\/IMG_0412-1536x1152.jpeg 1536w, https:\/\/lehmschnecke.de\/wp-content\/uploads\/2025\/02\/IMG_0412.jpeg 2048w\" sizes=\"auto, (max-width: 1024px) 100vw, 1024px\" \/><\/a><\/figure>\n\n\n\n<figure class=\"wp-block-image size-large\"><a href=\"http:\/\/lehmschnecke.de\/wp-content\/uploads\/2025\/02\/ftr0qyiukodpcmsffypf809jlhpzy8c90m9b-scaled.jpg\"><img loading=\"lazy\" decoding=\"async\" width=\"1024\" height=\"882\" data-id=\"80\" src=\"http:\/\/lehmschnecke.de\/wp-content\/uploads\/2025\/02\/ftr0qyiukodpcmsffypf809jlhpzy8c90m9b-1024x882.jpg\" alt=\"Grundst\u00fcck\" class=\"wp-image-80\" srcset=\"https:\/\/lehmschnecke.de\/wp-content\/uploads\/2025\/02\/ftr0qyiukodpcmsffypf809jlhpzy8c90m9b-1024x882.jpg 1024w, https:\/\/lehmschnecke.de\/wp-content\/uploads\/2025\/02\/ftr0qyiukodpcmsffypf809jlhpzy8c90m9b-300x258.jpg 300w, https:\/\/lehmschnecke.de\/wp-content\/uploads\/2025\/02\/ftr0qyiukodpcmsffypf809jlhpzy8c90m9b-768x662.jpg 768w, https:\/\/lehmschnecke.de\/wp-content\/uploads\/2025\/02\/ftr0qyiukodpcmsffypf809jlhpzy8c90m9b-1536x1323.jpg 1536w, https:\/\/lehmschnecke.de\/wp-content\/uploads\/2025\/02\/ftr0qyiukodpcmsffypf809jlhpzy8c90m9b-2048x1764.jpg 2048w\" sizes=\"auto, (max-width: 1024px) 100vw, 1024px\" \/><\/a><\/figure>\n\n\n\n<figure class=\"wp-block-image size-large\"><a href=\"http:\/\/lehmschnecke.de\/wp-content\/uploads\/2025\/02\/mycqwh6xl35fca18pa9wa776jz6llfcxobgj-scaled.jpg\"><img loading=\"lazy\" decoding=\"async\" width=\"1019\" height=\"1024\" data-id=\"86\" src=\"http:\/\/lehmschnecke.de\/wp-content\/uploads\/2025\/02\/mycqwh6xl35fca18pa9wa776jz6llfcxobgj-1019x1024.jpg\" alt=\"Zimmer 2 Souterrain\" class=\"wp-image-86\" srcset=\"https:\/\/lehmschnecke.de\/wp-content\/uploads\/2025\/02\/mycqwh6xl35fca18pa9wa776jz6llfcxobgj-1019x1024.jpg 1019w, https:\/\/lehmschnecke.de\/wp-content\/uploads\/2025\/02\/mycqwh6xl35fca18pa9wa776jz6llfcxobgj-300x300.jpg 300w, https:\/\/lehmschnecke.de\/wp-content\/uploads\/2025\/02\/mycqwh6xl35fca18pa9wa776jz6llfcxobgj-150x150.jpg 150w, https:\/\/lehmschnecke.de\/wp-content\/uploads\/2025\/02\/mycqwh6xl35fca18pa9wa776jz6llfcxobgj-768x772.jpg 768w, https:\/\/lehmschnecke.de\/wp-content\/uploads\/2025\/02\/mycqwh6xl35fca18pa9wa776jz6llfcxobgj-1528x1536.jpg 1528w, https:\/\/lehmschnecke.de\/wp-content\/uploads\/2025\/02\/mycqwh6xl35fca18pa9wa776jz6llfcxobgj-2038x2048.jpg 2038w\" sizes=\"auto, (max-width: 1019px) 100vw, 1019px\" \/><\/a><\/figure>\n\n\n\n<figure class=\"wp-block-image size-large\"><a href=\"http:\/\/lehmschnecke.de\/wp-content\/uploads\/2025\/02\/t0qe1zy7qnlmekq97s139fv1sx4hmuwk4udf-scaled.jpg\"><img loading=\"lazy\" decoding=\"async\" width=\"993\" height=\"1024\" data-id=\"96\" src=\"http:\/\/lehmschnecke.de\/wp-content\/uploads\/2025\/02\/t0qe1zy7qnlmekq97s139fv1sx4hmuwk4udf-993x1024.jpg\" alt=\"Bad Souterrain\" class=\"wp-image-96\" srcset=\"https:\/\/lehmschnecke.de\/wp-content\/uploads\/2025\/02\/t0qe1zy7qnlmekq97s139fv1sx4hmuwk4udf-993x1024.jpg 993w, https:\/\/lehmschnecke.de\/wp-content\/uploads\/2025\/02\/t0qe1zy7qnlmekq97s139fv1sx4hmuwk4udf-291x300.jpg 291w, https:\/\/lehmschnecke.de\/wp-content\/uploads\/2025\/02\/t0qe1zy7qnlmekq97s139fv1sx4hmuwk4udf-768x792.jpg 768w, https:\/\/lehmschnecke.de\/wp-content\/uploads\/2025\/02\/t0qe1zy7qnlmekq97s139fv1sx4hmuwk4udf-1490x1536.jpg 1490w, https:\/\/lehmschnecke.de\/wp-content\/uploads\/2025\/02\/t0qe1zy7qnlmekq97s139fv1sx4hmuwk4udf-1986x2048.jpg 1986w\" sizes=\"auto, (max-width: 993px) 100vw, 993px\" \/><\/a><\/figure>\n\n\n\n<figure class=\"wp-block-image size-large\"><a href=\"http:\/\/lehmschnecke.de\/wp-content\/uploads\/2025\/02\/IMG_0415.jpeg\"><img loading=\"lazy\" decoding=\"async\" width=\"1024\" height=\"768\" data-id=\"103\" src=\"http:\/\/lehmschnecke.de\/wp-content\/uploads\/2025\/02\/IMG_0415-1024x768.jpeg\" alt=\"\" class=\"wp-image-103\" srcset=\"https:\/\/lehmschnecke.de\/wp-content\/uploads\/2025\/02\/IMG_0415-1024x768.jpeg 1024w, https:\/\/lehmschnecke.de\/wp-content\/uploads\/2025\/02\/IMG_0415-300x225.jpeg 300w, https:\/\/lehmschnecke.de\/wp-content\/uploads\/2025\/02\/IMG_0415-768x576.jpeg 768w, https:\/\/lehmschnecke.de\/wp-content\/uploads\/2025\/02\/IMG_0415-1536x1152.jpeg 1536w, https:\/\/lehmschnecke.de\/wp-content\/uploads\/2025\/02\/IMG_0415.jpeg 2048w\" sizes=\"auto, (max-width: 1024px) 100vw, 1024px\" \/><\/a><\/figure>\n\n\n\n<figure class=\"wp-block-image size-large\"><a href=\"http:\/\/lehmschnecke.de\/wp-content\/uploads\/2025\/02\/IMG_0417.jpeg\"><img loading=\"lazy\" decoding=\"async\" width=\"1024\" height=\"768\" data-id=\"100\" src=\"http:\/\/lehmschnecke.de\/wp-content\/uploads\/2025\/02\/IMG_0417-1024x768.jpeg\" alt=\"\" class=\"wp-image-100\" srcset=\"https:\/\/lehmschnecke.de\/wp-content\/uploads\/2025\/02\/IMG_0417-1024x768.jpeg 1024w, https:\/\/lehmschnecke.de\/wp-content\/uploads\/2025\/02\/IMG_0417-300x225.jpeg 300w, https:\/\/lehmschnecke.de\/wp-content\/uploads\/2025\/02\/IMG_0417-768x576.jpeg 768w, https:\/\/lehmschnecke.de\/wp-content\/uploads\/2025\/02\/IMG_0417-1536x1152.jpeg 1536w, https:\/\/lehmschnecke.de\/wp-content\/uploads\/2025\/02\/IMG_0417.jpeg 2048w\" sizes=\"auto, (max-width: 1024px) 100vw, 1024px\" \/><\/a><\/figure>\n\n\n\n<figure class=\"wp-block-image size-large\"><a href=\"http:\/\/lehmschnecke.de\/wp-content\/uploads\/2025\/02\/anawb91462d90ofvl0fi5yum3t5vw4eqkjfa-scaled.jpg\"><img loading=\"lazy\" decoding=\"async\" width=\"931\" height=\"1024\" data-id=\"59\" src=\"http:\/\/lehmschnecke.de\/wp-content\/uploads\/2025\/02\/anawb91462d90ofvl0fi5yum3t5vw4eqkjfa-931x1024.jpg\" alt=\"Zugang zu den oberen Wohnungen\" class=\"wp-image-59\" srcset=\"https:\/\/lehmschnecke.de\/wp-content\/uploads\/2025\/02\/anawb91462d90ofvl0fi5yum3t5vw4eqkjfa-931x1024.jpg 931w, https:\/\/lehmschnecke.de\/wp-content\/uploads\/2025\/02\/anawb91462d90ofvl0fi5yum3t5vw4eqkjfa-273x300.jpg 273w, https:\/\/lehmschnecke.de\/wp-content\/uploads\/2025\/02\/anawb91462d90ofvl0fi5yum3t5vw4eqkjfa-768x845.jpg 768w, https:\/\/lehmschnecke.de\/wp-content\/uploads\/2025\/02\/anawb91462d90ofvl0fi5yum3t5vw4eqkjfa-1396x1536.jpg 1396w, https:\/\/lehmschnecke.de\/wp-content\/uploads\/2025\/02\/anawb91462d90ofvl0fi5yum3t5vw4eqkjfa-1862x2048.jpg 1862w\" sizes=\"auto, (max-width: 931px) 100vw, 931px\" \/><\/a><\/figure>\n\n\n\n<figure class=\"wp-block-image size-large\"><a href=\"http:\/\/lehmschnecke.de\/wp-content\/uploads\/2025\/02\/kbjn4bn1d0yvxnu5vvtjewk36gtu39nathv7-scaled.jpg\"><img loading=\"lazy\" decoding=\"async\" width=\"1024\" height=\"1024\" data-id=\"82\" src=\"http:\/\/lehmschnecke.de\/wp-content\/uploads\/2025\/02\/kbjn4bn1d0yvxnu5vvtjewk36gtu39nathv7-1024x1024.jpg\" alt=\"Apartment oben\" class=\"wp-image-82\" srcset=\"https:\/\/lehmschnecke.de\/wp-content\/uploads\/2025\/02\/kbjn4bn1d0yvxnu5vvtjewk36gtu39nathv7-1024x1024.jpg 1024w, https:\/\/lehmschnecke.de\/wp-content\/uploads\/2025\/02\/kbjn4bn1d0yvxnu5vvtjewk36gtu39nathv7-300x300.jpg 300w, https:\/\/lehmschnecke.de\/wp-content\/uploads\/2025\/02\/kbjn4bn1d0yvxnu5vvtjewk36gtu39nathv7-150x150.jpg 150w, https:\/\/lehmschnecke.de\/wp-content\/uploads\/2025\/02\/kbjn4bn1d0yvxnu5vvtjewk36gtu39nathv7-768x768.jpg 768w, https:\/\/lehmschnecke.de\/wp-content\/uploads\/2025\/02\/kbjn4bn1d0yvxnu5vvtjewk36gtu39nathv7-1536x1536.jpg 1536w, https:\/\/lehmschnecke.de\/wp-content\/uploads\/2025\/02\/kbjn4bn1d0yvxnu5vvtjewk36gtu39nathv7-2048x2048.jpg 2048w\" sizes=\"auto, (max-width: 1024px) 100vw, 1024px\" \/><\/a><\/figure>\n\n\n\n<figure class=\"wp-block-image size-large\"><a href=\"http:\/\/lehmschnecke.de\/wp-content\/uploads\/2025\/02\/ray0vdwwqlhipaqmxlvn08cahamncz4vie4q-scaled.jpg\"><img loading=\"lazy\" decoding=\"async\" width=\"1024\" height=\"1024\" data-id=\"95\" src=\"http:\/\/lehmschnecke.de\/wp-content\/uploads\/2025\/02\/ray0vdwwqlhipaqmxlvn08cahamncz4vie4q-1024x1024.jpg\" alt=\"Schlafzimmer oben\" class=\"wp-image-95\" srcset=\"https:\/\/lehmschnecke.de\/wp-content\/uploads\/2025\/02\/ray0vdwwqlhipaqmxlvn08cahamncz4vie4q-1024x1024.jpg 1024w, https:\/\/lehmschnecke.de\/wp-content\/uploads\/2025\/02\/ray0vdwwqlhipaqmxlvn08cahamncz4vie4q-300x300.jpg 300w, https:\/\/lehmschnecke.de\/wp-content\/uploads\/2025\/02\/ray0vdwwqlhipaqmxlvn08cahamncz4vie4q-150x150.jpg 150w, https:\/\/lehmschnecke.de\/wp-content\/uploads\/2025\/02\/ray0vdwwqlhipaqmxlvn08cahamncz4vie4q-768x768.jpg 768w, https:\/\/lehmschnecke.de\/wp-content\/uploads\/2025\/02\/ray0vdwwqlhipaqmxlvn08cahamncz4vie4q-1536x1536.jpg 1536w, https:\/\/lehmschnecke.de\/wp-content\/uploads\/2025\/02\/ray0vdwwqlhipaqmxlvn08cahamncz4vie4q-2048x2048.jpg 2048w\" sizes=\"auto, (max-width: 1024px) 100vw, 1024px\" \/><\/a><\/figure>\n\n\n\n<figure class=\"wp-block-image size-large\"><a href=\"http:\/\/lehmschnecke.de\/wp-content\/uploads\/2025\/02\/fc08414d-df20-4bf2-8415-a6feb5303db4-scaled.jpg\"><img loading=\"lazy\" decoding=\"async\" width=\"1024\" height=\"717\" data-id=\"77\" src=\"http:\/\/lehmschnecke.de\/wp-content\/uploads\/2025\/02\/fc08414d-df20-4bf2-8415-a6feb5303db4-1024x717.jpg\" alt=\"K\u00fcche Whg 2 oben\" class=\"wp-image-77\" srcset=\"https:\/\/lehmschnecke.de\/wp-content\/uploads\/2025\/02\/fc08414d-df20-4bf2-8415-a6feb5303db4-1024x717.jpg 1024w, https:\/\/lehmschnecke.de\/wp-content\/uploads\/2025\/02\/fc08414d-df20-4bf2-8415-a6feb5303db4-300x210.jpg 300w, https:\/\/lehmschnecke.de\/wp-content\/uploads\/2025\/02\/fc08414d-df20-4bf2-8415-a6feb5303db4-768x538.jpg 768w, https:\/\/lehmschnecke.de\/wp-content\/uploads\/2025\/02\/fc08414d-df20-4bf2-8415-a6feb5303db4-1536x1076.jpg 1536w, https:\/\/lehmschnecke.de\/wp-content\/uploads\/2025\/02\/fc08414d-df20-4bf2-8415-a6feb5303db4-2048x1434.jpg 2048w\" sizes=\"auto, (max-width: 1024px) 100vw, 1024px\" \/><\/a><\/figure>\n\n\n\n<figure class=\"wp-block-image size-large\"><a href=\"http:\/\/lehmschnecke.de\/wp-content\/uploads\/2025\/02\/p28vpflzupsip64he42w2zvsviea58wuvkgq-scaled.jpg\"><img loading=\"lazy\" decoding=\"async\" width=\"1024\" height=\"844\" data-id=\"87\" src=\"http:\/\/lehmschnecke.de\/wp-content\/uploads\/2025\/02\/p28vpflzupsip64he42w2zvsviea58wuvkgq-1024x844.jpg\" alt=\"Stra\u00dfenansicht\" class=\"wp-image-87\" srcset=\"https:\/\/lehmschnecke.de\/wp-content\/uploads\/2025\/02\/p28vpflzupsip64he42w2zvsviea58wuvkgq-1024x844.jpg 1024w, https:\/\/lehmschnecke.de\/wp-content\/uploads\/2025\/02\/p28vpflzupsip64he42w2zvsviea58wuvkgq-300x247.jpg 300w, https:\/\/lehmschnecke.de\/wp-content\/uploads\/2025\/02\/p28vpflzupsip64he42w2zvsviea58wuvkgq-768x633.jpg 768w, https:\/\/lehmschnecke.de\/wp-content\/uploads\/2025\/02\/p28vpflzupsip64he42w2zvsviea58wuvkgq-1536x1266.jpg 1536w, https:\/\/lehmschnecke.de\/wp-content\/uploads\/2025\/02\/p28vpflzupsip64he42w2zvsviea58wuvkgq-2048x1688.jpg 2048w\" sizes=\"auto, (max-width: 1024px) 100vw, 1024px\" \/><\/a><\/figure>\n\n\n\n<figure class=\"wp-block-image size-large\"><a href=\"http:\/\/lehmschnecke.de\/wp-content\/uploads\/2025\/02\/IMG_3706.jpg\"><img loading=\"lazy\" decoding=\"async\" width=\"1024\" height=\"768\" data-id=\"101\" src=\"http:\/\/lehmschnecke.de\/wp-content\/uploads\/2025\/02\/IMG_3706-1024x768.jpg\" alt=\"Das Haus\" class=\"wp-image-101\" srcset=\"https:\/\/lehmschnecke.de\/wp-content\/uploads\/2025\/02\/IMG_3706-1024x768.jpg 1024w, https:\/\/lehmschnecke.de\/wp-content\/uploads\/2025\/02\/IMG_3706-300x225.jpg 300w, https:\/\/lehmschnecke.de\/wp-content\/uploads\/2025\/02\/IMG_3706-768x576.jpg 768w, https:\/\/lehmschnecke.de\/wp-content\/uploads\/2025\/02\/IMG_3706-1536x1152.jpg 1536w, https:\/\/lehmschnecke.de\/wp-content\/uploads\/2025\/02\/IMG_3706.jpg 1600w\" sizes=\"auto, (max-width: 1024px) 100vw, 1024px\" \/><\/a><\/figure>\n<\/figure>\n\n\n\n<p>\u00dcbernachten in den FeWo\u00b4s des nahezu vollst\u00e4ndig aus Naturmaterialien erbauten Biohauses. Wohngesund und rustikal. Im Lehmhaus ist es im Sommer k\u00fchl und im Winter angenehm warm. Drei sehr verschiedene&nbsp;<strong>Wohnungen<\/strong>&nbsp;mit auch einzeln vermietbaren&nbsp;<strong>Zimmern<\/strong>&nbsp;lassen verschiedenste Belegungsvarianten zu.<\/p>\n\n\n\n<p>Ein Lehmhaus kann man schwer beschreiben, man muss es f\u00fchlen. Massive W\u00e4nde und naturbelassene H\u00f6lzer schaffen DAS Wohnwohlf\u00fchlgef\u00fchl in einer allergiefreien Umgebung. Ruhig, im Gr\u00fcnen und doch Nahe an Potsdam und Berlin.&nbsp;<\/p>\n\n\n\n<p>Das Haus steht in einer ruhigen Seitenstra\u00dfe der Waldgemeinde, hat aber eine sehr gute Anbindung an die A10 und den \u00f6ffentlichen Nahverkehr.<br>Von Wilhelmshorst sind es 8 km bis zum Hbf Potsdam und nur 7 km zur A10, AS Michendorf. Vom Wilhelmshorster Bahnhof sind es mit dem Regionalzug wenige Minuten zur Medienstadt Potsdam-Babelsberg und nur 25 Min zum Zoologischen Garten Berlin.<\/p>\n\n\n\n<p>Supermarkt, Fleischer, B\u00e4cker, Post und Gastronomie im Ort.<\/p>\n\n\n\n<p>Von Potsdam kommend, biegt man kurz hinter dem Ortseingang links in den Gr\u00fcnen Weg und nach ca. 300 Metern geht die Stra\u00dfe \u201eAn den Bergen\u201c nach rechts ab. Nur 20 Meter weiter finden Sie Ihre Unterkunft auf der linken Seite. Die Hausnummer 6 wird von vielen Navigationsger\u00e4ten nicht angezeigt. Suchen Sie ggfls. einfach nach der gegen\u00fcberliegenden Nr. 5.<br>Fragen Sie ansonsten nur nach dem Lehmhaus.<\/p>\n\n\n\n<h2 class=\"wp-block-heading\">Ausstattung<\/h2>\n\n\n\n<ul class=\"wp-block-list\">\n<li>generell Einzelbetten, aber auch als Doppelbett stellbar<\/li>\n\n\n\n<li>Aufbettung in den gro\u00dfen Zimmern m\u00f6glich<\/li>\n\n\n\n<li>Bettw\u00e4sche und Handt\u00fccher incl.<\/li>\n\n\n\n<li>alle Zimmer einzeln abschlie\u00dfbar<\/li>\n\n\n\n<li>WiFi mit bis zu 100 Mbit<\/li>\n\n\n\n<li>Sat-TV in allen Zimmern<\/li>\n\n\n\n<li>generell Smart-TV\u00b4s<\/li>\n\n\n\n<li>voll ausgestattete K\u00fcchen, z. T. gemeinsam genutzt<\/li>\n\n\n\n<li>Mikrowelle, vierflammiger Herd, Backofen etc.<\/li>\n\n\n\n<li>Jedes Zimmer hat einen eigenen K\u00fchlschrank in der K\u00fcche<\/li>\n\n\n\n<li>B\u00e4der mit Dusche und WC, z. T. gemeinsam genutzt<\/li>\n\n\n\n<li>ein Bad mit zus\u00e4tzlichem PP<\/li>\n\n\n\n<li>Waschmaschinen in allen Wohnungen<\/li>\n\n\n\n<li>Raucher- und Grill-Pavillon vor dem Haus<\/li>\n\n\n\n<li>Parken auf dem Grundst\u00fcck gegen Geb\u00fchr m\u00f6glich<\/li>\n<\/ul>\n\n\n\n<h2 class=\"wp-block-heading\">Preise<\/h2>\n\n\n\n<figure class=\"wp-block-table\"><table class=\"has-fixed-layout\"><tbody><tr><td>Art<\/td><td>Anzahl<\/td><td>Personen<\/td><td>Preis p. P.<\/td><\/tr><tr><td>Einzelzimmer<br><\/td><td>1<\/td><td>1<\/td><td>ab 38,00 \u20ac<\/td><\/tr><tr><td>Doppelzimmer<\/td><td>3<\/td><td>2<\/td><td>ab 24,50 \u20ac<\/td><\/tr><tr><td>Mehrbettzimmer<\/td><td>1<\/td><td>4<\/td><td>ab 21,50 \u20ac<\/td><\/tr><tr><td>Wohnung 40 m\u00b2<\/td><td>1<\/td><td>2<\/td><td>ab 38,00 \u20ac<\/td><\/tr><\/tbody><\/table><\/figure>\n\n\n\n<p>Die genauen Preise richten sich nach der Buchungsdauer.<\/p>\n\n\n\n<h2 class=\"wp-block-heading\">Zus\u00e4tzliche Preisinformationen<\/h2>\n\n\n\n<p>Alle Preise incl. der g\u00fcltigen MwSt. Diese wird auf der Rechnung ausgewiesen.<br>All prices include VAT. This will be shown on the invoice.<\/p>\n\n\n\n<p><br>Preise gelten ab einer durchgehenden Mindestmietzeit von 7 Tagen.<br>Prices are valid for a continuous minimum rental period of 7 days.<\/p>\n\n\n\n<p><br>Buchung nur bei vollst\u00e4ndiger Vorauszahlung verbindlich.<br>Reservation is only valid by full payment<\/p>\n\n\n\n<p><br>Handt\u00fccher und Bettw\u00e4sche im Preis enthalten.<br>Towels and linen included in the price.<\/p>\n\n\n\n<p><br>Das Appartment muss in besenreinem Zustand abgegeben werden. Zus\u00e4tzliche Reinigungskosten werden in Rechnung gestellt.<br>The appartment has to get returned cleaned up. Additional cleaning cost will be charged.<\/p>\n\n\n\n<p><br>Das Appartment ist am Anreisetag ab 14:00 Uhr bezugsbereit. Die Freigabe ist am Abreisetag um 10:00 Uhr zu gew\u00e4hrleisten.<br>The appartment is on arrival day at 14:00 pm available. Check-out has to be accomplished at departure day \u2013 10:00 am.<\/p>\n\n\n\n<p><br>Das Apartment darf nur von der jeweils im Mietvertrag erw\u00e4hnten Anzahl Personen bewohnt werden.<br>The apartment may only be occupied by the number of persons specified in the rental agreement.<\/p>\n\n\n\n<p><\/p>\n\n\n\n<p><\/p>\n","protected":false},"excerpt":{"rendered":"<p>\u00dcbernachten in den FeWo\u00b4s des nahezu vollst\u00e4ndig aus Naturmaterialien erbauten Biohauses. Wohngesund und rustikal. Im Lehmhaus ist es im Sommer k\u00fchl und im Winter angenehm warm. Drei sehr verschiedene&nbsp;Wohnungen&nbsp;mit auch einzeln vermietbaren&nbsp;Zimmern&nbsp;lassen verschiedenste Belegungsvarianten zu. Ein Lehmhaus kann man schwer beschreiben, man muss es f\u00fchlen. Massive W\u00e4nde und naturbelassene H\u00f6lzer [&hellip;]<\/p>\n","protected":false},"author":1,"featured_media":0,"parent":0,"menu_order":0,"comment_status":"closed","ping_status":"closed","template":"","meta":{"footnotes":""},"class_list":["post-20","page","type-page","status-publish","hentry"],"_links":{"self":[{"href":"https:\/\/lehmschnecke.de\/index.php\/wp-json\/wp\/v2\/pages\/20","targetHints":{"allow":["GET"]}}],"collection":[{"href":"https:\/\/lehmschnecke.de\/index.php\/wp-json\/wp\/v2\/pages"}],"about":[{"href":"https:\/\/lehmschnecke.de\/index.php\/wp-json\/wp\/v2\/types\/page"}],"author":[{"embeddable":true,"href":"https:\/\/lehmschnecke.de\/index.php\/wp-json\/wp\/v2\/users\/1"}],"replies":[{"embeddable":true,"href":"https:\/\/lehmschnecke.de\/index.php\/wp-json\/wp\/v2\/comments?post=20"}],"version-history":[{"count":14,"href":"https:\/\/lehmschnecke.de\/index.php\/wp-json\/wp\/v2\/pages\/20\/revisions"}],"predecessor-version":[{"id":148,"href":"https:\/\/lehmschnecke.de\/index.php\/wp-json\/wp\/v2\/pages\/20\/revisions\/148"}],"wp:attachment":[{"href":"https:\/\/lehmschnecke.de\/index.php\/wp-json\/wp\/v2\/media?parent=20"}],"curies":[{"name":"wp","href":"https:\/\/api.w.org\/{rel}","templated":true}]}}