{"id":18,"date":"2025-02-05T10:27:35","date_gmt":"2025-02-05T09:27:35","guid":{"rendered":"http:\/\/lehmschnecke.de\/?page_id=18"},"modified":"2025-02-05T11:41:24","modified_gmt":"2025-02-05T10:41:24","slug":"das-haus","status":"publish","type":"page","link":"https:\/\/lehmschnecke.de\/index.php\/das-haus\/","title":{"rendered":"Das Haus"},"content":{"rendered":"\n<p>Ein Haus in der&nbsp;Natur und&nbsp;aus Materialien der Natur. Weitestgehend mit nachwachsenden bzw. nat\u00fcrlichen Baumaterialien und unter Verzicht auf&nbsp;&nbsp;Holzschutzmittel, Folien, Styropor und \u00c4hnlichem. Wir verwenden naturbelassenes Holz, Stroh aus biologischem Anbau und nat\u00fcrlich nur Grubenlehm aus der n\u00e4heren Umgebung. Unser Partner&nbsp;f\u00fcr die Beschaffung ist die ARTEG Baugesellschaft mbH aus Potsdam&nbsp;<a href=\"http:\/\/www.arteg-bau.de\/\" target=\"_blank\" rel=\"noreferrer noopener\">www.arteg-bau.de<\/a>. Fertiglehm von gro\u00dfen Herstellern haben wir auf Grund der langen, eher un\u00f6kologischen Transportwege und auch aus Kostengr\u00fcnden nicht eingesetzt.<\/p>\n\n\n\n<p>Es ist ein&nbsp;sch\u00f6ner Gedanke, dass das Haus bis auf die Dachdichtung und die Fensterscheiben&nbsp;komplett kompostierbar w\u00e4re. Nat\u00fcrlich nur w\u00e4re, vorerst wird gewohnt.<\/p>\n\n\n\n<p>Solange ein Lehmhaus &#8222;trockene F\u00fc\u00dfe und einen dichten Hut&#8220; hat, kann die Zeit ihm nicht viel anhaben. Viele, noch immer bewohnte, H\u00e4user unserer Vorfahren belegen dies eindrucksvoll. (<a href=\"http:\/\/lehmbau-atlas.de\/\" target=\"_blank\" rel=\"noreferrer noopener\">lehmbau-atlas.de<\/a>)<\/p>\n\n\n\r\n<div id=\"twp-110\" class=\"style-one\">\r\n            <div id=\"twp-telement-0\" class=\"timeline\">\r\n           \r\n            <div class=\"timeline-content\">\r\n                <div class=\"circle\">\r\n                    <span>\r\n                                                    <img decoding=\"async\" src=\"https:\/\/lehmschnecke.de\/wp-content\/uploads\/2025\/02\/P1266630-1.jpg \" > \r\n                                            <\/span>\r\n                <\/div>\r\n                <div class=\"content\">\r\n                    <span class=\"year\">1.10.2008<\/span>                    <h4 class=\"title\">Es geht los!<\/h4>                                        <div class=\"icon\">\r\n                        <span><\/span>\r\n                    <\/div>\r\n                <\/div>\r\n            <\/div>\r\n       \r\n        <\/div>\r\n            <div id=\"twp-telement-1\" class=\"timeline\">\r\n           \r\n            <div class=\"timeline-content\">\r\n                <div class=\"circle\">\r\n                    <span>\r\n                                                    <img decoding=\"async\" src=\"https:\/\/lehmschnecke.de\/wp-content\/uploads\/2025\/02\/Baugrube2_01-1.jpg \" > \r\n                                            <\/span>\r\n                <\/div>\r\n                <div class=\"content\">\r\n                    <span class=\"year\">2.10.2008<\/span>                    <h4 class=\"title\">Baugrube<\/h4>                                        <div class=\"icon\">\r\n                        <span><\/span>\r\n                    <\/div>\r\n                <\/div>\r\n            <\/div>\r\n       \r\n        <\/div>\r\n            <div id=\"twp-telement-2\" class=\"timeline\">\r\n           \r\n            <div class=\"timeline-content\">\r\n                <div class=\"circle\">\r\n                    <span>\r\n                                                    <img decoding=\"async\" src=\"https:\/\/lehmschnecke.de\/wp-content\/uploads\/2025\/02\/PA015864_01.jpg \" > \r\n                                            <\/span>\r\n                <\/div>\r\n                <div class=\"content\">\r\n                    <span class=\"year\">3.10.2008<\/span>                    <h4 class=\"title\">Die Grundform entsteht<\/h4>                                        <div class=\"icon\">\r\n                        <span><\/span>\r\n                    <\/div>\r\n                <\/div>\r\n            <\/div>\r\n       \r\n        <\/div>\r\n    <\/div>\r\n\r\n<style>\r\n    <\/style>\r\n\r\n\r\n\n","protected":false},"excerpt":{"rendered":"<p>Ein Haus in der&nbsp;Natur und&nbsp;aus Materialien der Natur. Weitestgehend mit nachwachsenden bzw. nat\u00fcrlichen Baumaterialien und unter Verzicht auf&nbsp;&nbsp;Holzschutzmittel, Folien, Styropor und \u00c4hnlichem. Wir verwenden naturbelassenes Holz, Stroh aus biologischem Anbau und nat\u00fcrlich nur Grubenlehm aus der n\u00e4heren Umgebung. Unser Partner&nbsp;f\u00fcr die Beschaffung ist die ARTEG Baugesellschaft mbH aus Potsdam&nbsp;www.arteg-bau.de. Fertiglehm [&hellip;]<\/p>\n","protected":false},"author":1,"featured_media":0,"parent":0,"menu_order":0,"comment_status":"closed","ping_status":"closed","template":"","meta":{"footnotes":""},"class_list":["post-18","page","type-page","status-publish","hentry"],"_links":{"self":[{"href":"https:\/\/lehmschnecke.de\/index.php\/wp-json\/wp\/v2\/pages\/18","targetHints":{"allow":["GET"]}}],"collection":[{"href":"https:\/\/lehmschnecke.de\/index.php\/wp-json\/wp\/v2\/pages"}],"about":[{"href":"https:\/\/lehmschnecke.de\/index.php\/wp-json\/wp\/v2\/types\/page"}],"author":[{"embeddable":true,"href":"https:\/\/lehmschnecke.de\/index.php\/wp-json\/wp\/v2\/users\/1"}],"replies":[{"embeddable":true,"href":"https:\/\/lehmschnecke.de\/index.php\/wp-json\/wp\/v2\/comments?post=18"}],"version-history":[{"count":2,"href":"https:\/\/lehmschnecke.de\/index.php\/wp-json\/wp\/v2\/pages\/18\/revisions"}],"predecessor-version":[{"id":111,"href":"https:\/\/lehmschnecke.de\/index.php\/wp-json\/wp\/v2\/pages\/18\/revisions\/111"}],"wp:attachment":[{"href":"https:\/\/lehmschnecke.de\/index.php\/wp-json\/wp\/v2\/media?parent=18"}],"curies":[{"name":"wp","href":"https:\/\/api.w.org\/{rel}","templated":true}]}}