{"id":16,"date":"2025-02-05T10:26:48","date_gmt":"2025-02-05T09:26:48","guid":{"rendered":"http:\/\/lehmschnecke.de\/?page_id=16"},"modified":"2025-02-05T10:26:49","modified_gmt":"2025-02-05T09:26:49","slug":"willkommen-im-lehmhaus","status":"publish","type":"page","link":"https:\/\/lehmschnecke.de\/","title":{"rendered":"Willkommen im Lehmhaus"},"content":{"rendered":"\n<h2 class=\"wp-block-heading\">Angekommen in der Natur!<\/h2>\n\n\n\n<p>Lehm ist weit mehr als die Kleckerburg am Strand oder das klebrige Zeug an den Schuhen nach einem Spaziergang \u00fcber frisch gepfl\u00fcgte Felder. Ein seit Jahrtausenden und in allen Kulturkreisen bew\u00e4hrtes (f\u00fcr die Bauindustrie aber nicht lukratives) Baumaterial erlebt seit einiger Zeit seine Wiederentdeckung. Ich wollte genau das erlebbar machen und habe versucht ein Haus abseits der Norm zu bauen. Das weitestgehend mit nat\u00fcrlichen Materialien errichtete Lehmhaus soll das Interesse f\u00fcr langbew\u00e4hrte Baustoffe und -verfahren wecken, Mut zur Abkehr von aktuellen Baustandards geben, und steht deshalb allen Interessierten offen.<\/p>\n\n\n\n<p>&#8222;Moderne&#8220; Baustoffe sind wenig erforscht, die Herstellungs- und vor allem die Entsorgungskosten werden nicht betrachtet. Die Folgen sind \u00fcberall sichtbar und nicht mehr zu leugnen. (Asbest und DDT galten vor nicht zu langer Zeit auch als revolution\u00e4r und unbedenklich.)<\/p>\n\n\n\n<p>Ich wohne hier mit meinen zwei Kindern in einem traditionell errichteten Haus, fast ohne Metalle, Kunststoffe etc. &#8211; und das ist zu sp\u00fcren.<\/p>\n\n\n\n<p>Wir mussten die W\u00e4nde der oberen Etage, auf Grund der neuen Nutzung, komplett r\u00fcckbauen und neu errichten. Das Ganze lief v\u00f6llig ohne Bauschutt oder zus\u00e4tzliche Materialkosten! Lehm einweichen und neu verbauen&#8230;.<\/p>\n\n\n\n<p>In letzter Zeit nimmt das Interesse am Haus zu und ich werde die Seite f\u00fcr alle zu weit Entfernten aktualisieren.<\/p>\n\n\n\n<p>Mehrere Ferienwohnungen warten hier in der N\u00e4he von Potsdam und Berlin zudem auf Menschen mit Visionen.<\/p>\n","protected":false},"excerpt":{"rendered":"<p>Angekommen in der Natur! Lehm ist weit mehr als die Kleckerburg am Strand oder das klebrige Zeug an den Schuhen nach einem Spaziergang \u00fcber frisch gepfl\u00fcgte Felder. Ein seit Jahrtausenden und in allen Kulturkreisen bew\u00e4hrtes (f\u00fcr die Bauindustrie aber nicht lukratives) Baumaterial erlebt seit einiger Zeit seine Wiederentdeckung. Ich wollte [&hellip;]<\/p>\n","protected":false},"author":1,"featured_media":0,"parent":0,"menu_order":0,"comment_status":"closed","ping_status":"closed","template":"","meta":{"footnotes":""},"class_list":["post-16","page","type-page","status-publish","hentry"],"_links":{"self":[{"href":"https:\/\/lehmschnecke.de\/index.php\/wp-json\/wp\/v2\/pages\/16","targetHints":{"allow":["GET"]}}],"collection":[{"href":"https:\/\/lehmschnecke.de\/index.php\/wp-json\/wp\/v2\/pages"}],"about":[{"href":"https:\/\/lehmschnecke.de\/index.php\/wp-json\/wp\/v2\/types\/page"}],"author":[{"embeddable":true,"href":"https:\/\/lehmschnecke.de\/index.php\/wp-json\/wp\/v2\/users\/1"}],"replies":[{"embeddable":true,"href":"https:\/\/lehmschnecke.de\/index.php\/wp-json\/wp\/v2\/comments?post=16"}],"version-history":[{"count":1,"href":"https:\/\/lehmschnecke.de\/index.php\/wp-json\/wp\/v2\/pages\/16\/revisions"}],"predecessor-version":[{"id":17,"href":"https:\/\/lehmschnecke.de\/index.php\/wp-json\/wp\/v2\/pages\/16\/revisions\/17"}],"wp:attachment":[{"href":"https:\/\/lehmschnecke.de\/index.php\/wp-json\/wp\/v2\/media?parent=16"}],"curies":[{"name":"wp","href":"https:\/\/api.w.org\/{rel}","templated":true}]}}